{"id":153,"date":"2021-07-01T18:03:07","date_gmt":"2021-07-01T23:03:07","guid":{"rendered":"http:\/\/167.114.27.105\/?page_id=153"},"modified":"2025-05-18T23:02:15","modified_gmt":"2025-05-19T04:02:15","slug":"services","status":"publish","type":"page","link":"https:\/\/www.pointlog.ca\/?page_id=153","title":{"rendered":"Notre Parcours"},"content":{"rendered":"<figure id=\"attachment_453\" aria-describedby=\"caption-attachment-453\" style=\"width: 202px\" class=\"wp-caption alignright\"><a href=\"https:\/\/www.internetsociety.org\/\"><img loading=\"lazy\" decoding=\"async\" class=\"wp-image-453 size-full\" src=\"https:\/\/www.pointlog.ca\/wp-content\/uploads\/2022\/02\/isoc.png\" alt=\"Internet Society Logo\" width=\"202\" height=\"83\" \/><\/a><figcaption id=\"caption-attachment-453\" class=\"wp-caption-text\">Membre de Internet Society<\/figcaption><\/figure>\n<p>PointLog Solutions inc.\u00a0 a d\u00e9but\u00e9 ses activit\u00e9s au cours des ann\u00e9es 90. \u00c0 cette \u00e9poque, notre client\u00e8le, des petites et moyennes entreprises, \u00e9tait aux prises avec des produits Microsoft souvent instables et, comme aujourd&rsquo;hui, d\u00e9mesur\u00e9ment cibl\u00e9s par les pirates informatiques.\u00a0 Notre r\u00e9ponse a \u00e9t\u00e9 de remplacer les serveurs Windows par des serveurs Linux (OpenSuse) et d&rsquo;utiliser Samba pour le partage de documents. Nous avions aussi plusieurs parcs informatiques peupl\u00e9s par un m\u00e9lange Mac et Windows.\u00a0 Comme Linux avait tous les protocoles r\u00e9seau pour toutes les plateformes, l&rsquo;int\u00e9gration \u00e9tait grandement facilit\u00e9e.<\/p>\n<p>Cette introduction au mode de Linux nous a fait appr\u00e9cier la valeur et l&rsquo;efficacit\u00e9 des logiciels libres .\u00a0 Elle a servi de tremplin pour plusieurs autres projets qui, au fils des ans, ont \u00e9volu\u00e9 avec la transformation de la technologie et des politiques de licences logiciel.<\/p>\n<p>De nos jours, Linux et les logiciels libres sont omnipr\u00e9sents dans nos vies.\u00a0 Chaque fois que vous faites une transaction bancaire, c&rsquo;est Linux qui s&rsquo;active.\u00a0 Dans votre t\u00e9l\u00e9phone, votre t\u00e9l\u00e9viseur, routeur \u00e0 la maison ou m\u00eame l&rsquo;ordinateur de votre voiture, c&rsquo;est Linux qui veille au bon fonctionnement du mat\u00e9riel.\u00a0 Nous avions vu juste et notre contribution a toujours \u00e9t\u00e9 d&rsquo;amener et de faire connaitre \u00e0 nos clients les avantages de Linux et des logiciels libres.<\/p>\n<p>Depuis le d\u00e9but des ann\u00e9es 2010, en m\u00eame temps que la perc\u00e9e de Linux dans les grandes entreprises comme Amazon et Google, l\u2019infonuagique \u00ab\u00a0le cloud\u00a0\u00bb a fait son apparition dans les petites et moyennes entreprises.\u00a0 Apr\u00e8s plusieurs projets int\u00e9ressants, PointLog a finalement regroup\u00e9 toutes ses solutions sous une seule appellation: <strong>OpenCanopea<\/strong>.<br \/>\n&#8211; <em>Open<\/em>, parce qu&rsquo;il y a pr\u00e9dominance de logiciels libres.<br \/>\n&#8211; <em>Canopea<\/em>, puisqu&rsquo;en en fait, le nuage n&rsquo;existe pas vraiment, il est rattach\u00e9 au sol.\u00a0 C&rsquo;est donc la canop\u00e9e.<\/p>\n<p>En harmonie avec ses origines, PointLog, \u00e0 travers le projet OpenCanopea, se sp\u00e9cialise maintenant dans la maintenance de SaaS, PaaS.\u00a0 Vous pouvez voir, vous aussi, comment votre entreprise peut b\u00e9n\u00e9ficier des logiciels libres et de Linux en particulier.\u00a0 Visitez le site <a href=\"http:\/\/www.opencanopea.ca\">www.opencanopea.ca<\/a>.<\/p>\n<p>Louis Cayer<br \/>\nPr\u00e9sident de PointLog Solutions inc.<\/p>\n<p>&nbsp;<\/p>\n<p><strong><span style=\"font-size: 10pt;\">Liens d&rsquo;int\u00e9r\u00eat:<\/span><\/strong><br \/>\n<span style=\"font-size: 10pt;\">GNU Linux <a href=\"https:\/\/www.gnu.org\/gnu\/linux-and-gnu.fr.html\">https:\/\/www.gnu.org\/gnu\/linux-and-gnu.fr.html<\/a><\/span><br \/>\n<span style=\"font-size: 10pt;\">Free Software Faundation : <a href=\"https:\/\/www.fsf.org\/\">https:\/\/www.fsf.org\/<\/a><\/span><br \/>\n<span style=\"font-size: 10pt;\">OpenSuse <a href=\"https:\/\/www.opensuse.org\/\">https:\/\/www.opensuse.org\/<\/a><\/span><br \/>\n<span style=\"font-size: 10pt;\">SaaS <a href=\"https:\/\/fr.wikipedia.org\/wiki\/Software_as_a_service\">https:\/\/fr.wikipedia.org\/wiki\/Software_as_a_service<\/a><\/span><br \/>\n<span style=\"font-size: 10pt;\">PaaS <\/span><a href=\"https:\/\/fr.wikipedia.org\/wiki\/Platform_as_a_service\"><span style=\"font-size: 10pt;\">https:\/\/fr.wikipedia.org\/wiki\/Platform_as_a_service<\/span><\/a><\/p>\n","protected":false},"excerpt":{"rendered":"PointLog Solutions inc.\u00a0 a d\u00e9but\u00e9 ses activit\u00e9s au cours des ann\u00e9es 90. \u00c0 cette \u00e9poque, notre client\u00e8le, des petites et moyennes entreprises, \u00e9tait \n<a class=\"moretag\" href=\"https:\/\/www.pointlog.ca\/?page_id=153\"> [...]<\/a>","protected":false},"author":1,"featured_media":0,"parent":0,"menu_order":0,"comment_status":"closed","ping_status":"closed","template":"","meta":{"footnotes":""},"class_list":["post-153","page","type-page","status-publish","hentry"],"_links":{"self":[{"href":"https:\/\/www.pointlog.ca\/index.php?rest_route=\/wp\/v2\/pages\/153","targetHints":{"allow":["GET"]}}],"collection":[{"href":"https:\/\/www.pointlog.ca\/index.php?rest_route=\/wp\/v2\/pages"}],"about":[{"href":"https:\/\/www.pointlog.ca\/index.php?rest_route=\/wp\/v2\/types\/page"}],"author":[{"embeddable":true,"href":"https:\/\/www.pointlog.ca\/index.php?rest_route=\/wp\/v2\/users\/1"}],"replies":[{"embeddable":true,"href":"https:\/\/www.pointlog.ca\/index.php?rest_route=%2Fwp%2Fv2%2Fcomments&post=153"}],"version-history":[{"count":15,"href":"https:\/\/www.pointlog.ca\/index.php?rest_route=\/wp\/v2\/pages\/153\/revisions"}],"predecessor-version":[{"id":690,"href":"https:\/\/www.pointlog.ca\/index.php?rest_route=\/wp\/v2\/pages\/153\/revisions\/690"}],"wp:attachment":[{"href":"https:\/\/www.pointlog.ca\/index.php?rest_route=%2Fwp%2Fv2%2Fmedia&parent=153"}],"curies":[{"name":"wp","href":"https:\/\/api.w.org\/{rel}","templated":true}]}}