{"id":259,"date":"2021-12-18T13:51:35","date_gmt":"2021-12-18T18:51:35","guid":{"rendered":"http:\/\/167.114.27.105\/?page_id=259"},"modified":"2024-12-31T12:56:35","modified_gmt":"2024-12-31T17:56:35","slug":"tarifs","status":"publish","type":"page","link":"https:\/\/www.pointlog.ca\/?page_id=259","title":{"rendered":"Tarifs"},"content":{"rendered":"<div class=\"ten columns\">\n<h1>Maintenance informatiques et suivi de votre parc informatique<\/h1>\n<\/div>\n<p><span style=\"font-size: 14pt;\">Il y a2 fa\u00e7ons faciles de profiter de nos services informatiques : <\/span><\/p>\n<p style=\"padding-left: 40px;\"><strong>1)<\/strong> Par contrats de 12 ou 24 heures.\u00a0 (<a href=\"https:\/\/www.pointlog.ca\/?page_id=416\">voyez nos tarifs et conditions ici<\/a>)<\/p>\n<p style=\"padding-left: 40px;\"><strong>2)<\/strong> En \u00e9tant membre et clients des services offerts par le projet OpenCanopea,\u00a0 vous aurez droit \u00e0 des tarifs et conditions pr\u00e9f\u00e9rentielles.<\/p>\n<p>&nbsp;<\/p>\n<div class=\"ten columns\">\n<div class=\"ten columns\">\n<hr \/>\n<h5>Gamme de services<\/h5>\n<ul>\n<li>Installation, maintenance et supervision de r\u00e9seaux locaux ( LAN \/ WAN )<\/li>\n<li>Installation, maintenance et supervision de serveurs Linux et Windows.<\/li>\n<li>Solutions de travail \u00e0 distance (Windows, Linux, MacOS).<\/li>\n<li>Protection et s\u00e9curisation des donn\u00e9es en r\u00e9seaux.<\/li>\n<li>Installation de routeurs et installation de VPN.<\/li>\n<li>Suivi et maintenance de parcs informatique.<\/li>\n<li>Travail d&rsquo;urgence et de maintenance en dehors des heures ouvrables.<\/li>\n<\/ul>\n<h5>Services d&rsquo;aide en gestion des ressources informatiques<\/h5>\n<ul>\n<li>Consultation et analyse des besoins de l&rsquo;entreprise.<\/li>\n<li>Strat\u00e9gies et int\u00e9gration des nouvelles technologies.<\/li>\n<li>Aide \u00e0 la migration de plateforme.<\/li>\n<li>Optimisation des ressources informatiques en milieu de travail.<\/li>\n<\/ul>\n<h5>Modalit\u00e9s des services avec contrats<\/h5>\n<ul>\n<li>Cas urgents, moins de 5h suivant l&rsquo;appel<\/li>\n<li>Cas r\u00e9gulier, 5 \u00e0 48h suivant l&rsquo;appel<\/li>\n<li>Suivi des dossiers<\/li>\n<li>Le contrat n&rsquo;est pas transf\u00e9rable<\/li>\n<li>Acc\u00e8s prioritaire aux services <a href=\"https:\/\/www.opencanopea.com\">OpenCanopea<\/a><\/li>\n<li>Tarifs pr\u00e9f\u00e9rentiels sur certains services <a href=\"https:\/\/www.opencanopea.com\">OpenCanopea<\/a><\/li>\n<\/ul>\n<div class=\"panelPointLogLeft\"><\/div>\n<div class=\"row\">\n<div class=\"twelve columns\">\n<div class=\"panelPointLogCenter\"><\/div>\n<\/div>\n<\/div>\n<\/div>\n<\/div>\n","protected":false},"excerpt":{"rendered":"Maintenance informatiques et suivi de votre parc informatique Il y a2 fa\u00e7ons faciles de profiter de nos services informatiques : 1) Par contrats \n<a class=\"moretag\" href=\"https:\/\/www.pointlog.ca\/?page_id=259\"> [...]<\/a>","protected":false},"author":1,"featured_media":0,"parent":0,"menu_order":0,"comment_status":"closed","ping_status":"closed","template":"","meta":{"footnotes":""},"class_list":["post-259","page","type-page","status-publish","hentry"],"_links":{"self":[{"href":"https:\/\/www.pointlog.ca\/index.php?rest_route=\/wp\/v2\/pages\/259","targetHints":{"allow":["GET"]}}],"collection":[{"href":"https:\/\/www.pointlog.ca\/index.php?rest_route=\/wp\/v2\/pages"}],"about":[{"href":"https:\/\/www.pointlog.ca\/index.php?rest_route=\/wp\/v2\/types\/page"}],"author":[{"embeddable":true,"href":"https:\/\/www.pointlog.ca\/index.php?rest_route=\/wp\/v2\/users\/1"}],"replies":[{"embeddable":true,"href":"https:\/\/www.pointlog.ca\/index.php?rest_route=%2Fwp%2Fv2%2Fcomments&post=259"}],"version-history":[{"count":62,"href":"https:\/\/www.pointlog.ca\/index.php?rest_route=\/wp\/v2\/pages\/259\/revisions"}],"predecessor-version":[{"id":523,"href":"https:\/\/www.pointlog.ca\/index.php?rest_route=\/wp\/v2\/pages\/259\/revisions\/523"}],"wp:attachment":[{"href":"https:\/\/www.pointlog.ca\/index.php?rest_route=%2Fwp%2Fv2%2Fmedia&parent=259"}],"curies":[{"name":"wp","href":"https:\/\/api.w.org\/{rel}","templated":true}]}}