{"id":416,"date":"2022-01-16T12:41:38","date_gmt":"2022-01-16T17:41:38","guid":{"rendered":"https:\/\/www.pointlog.ca\/?page_id=416"},"modified":"2025-01-01T11:03:19","modified_gmt":"2025-01-01T16:03:19","slug":"contrats-de-services","status":"publish","type":"page","link":"https:\/\/www.pointlog.ca\/?page_id=416","title":{"rendered":"Contrats de services"},"content":{"rendered":"<div class=\"ten columns\">\n<h2>Tarification avec contrats de banque d&rsquo;heures<br \/>\n<em>Le contrat de services est la fa\u00e7on la plus simple de profiter de nos services. Vous avez acc\u00e8s \u00e0 une expertise des plus diversifi\u00e9e.<br \/>\n<span style=\"font-size: 10pt;\">Les contrats de services ne sont ni remboursables ni transf\u00e9rables.\u00a0 Ils sont payables \u00e0 l&rsquo;avance.<\/span><\/em><\/h2>\n<hr \/>\n<p><span style=\"font-size: 21px;\">Formulaire de demande :<\/span><br \/>\n<em>(<strong>Important<\/strong> : avant de vous inscrire, lisez la description au bas de cette page)<br \/>\n<div class=\"wpforms-container wpforms-container-full wpforms-render-modern\" id=\"wpforms-600\"><form id=\"wpforms-form-600\" class=\"wpforms-validate wpforms-form wpforms-ajax-form\" data-formid=\"600\" method=\"post\" enctype=\"multipart\/form-data\" action=\"\/index.php?rest_route=%2Fwp%2Fv2%2Fpages%2F416\" data-token=\"72aac8f9a084843d936c364197cee777\" data-token-time=\"1778601072\"><noscript class=\"wpforms-error-noscript\">Please enable JavaScript in your browser to complete this form.<\/noscript><div class=\"wpforms-hidden\" id=\"wpforms-error-noscript\">Please enable JavaScript in your browser to complete this form.<\/div><div class=\"wpforms-field-container\"><div id=\"wpforms-600-field_1-container\" class=\"wpforms-field wpforms-field-text\" data-field-id=\"1\"><label class=\"wpforms-field-label\" for=\"wpforms-600-field_1\">Pr\u00e9nom et Nom <span class=\"wpforms-required-label\" aria-hidden=\"true\">*<\/span><\/label><input type=\"text\" id=\"wpforms-600-field_1\" class=\"wpforms-field-medium wpforms-field-required\" name=\"wpforms[fields][1]\" aria-errormessage=\"wpforms-600-field_1-error\" required><\/div><div id=\"wpforms-600-field_3-container\" class=\"wpforms-field wpforms-field-text\" data-field-id=\"3\"><label class=\"wpforms-field-label\" for=\"wpforms-600-field_3\">Nom d&#039;entreprise<\/label><input type=\"text\" id=\"wpforms-600-field_3\" class=\"wpforms-field-medium\" name=\"wpforms[fields][3]\" aria-errormessage=\"wpforms-600-field_3-error\" ><\/div><div id=\"wpforms-600-field_5-container\" class=\"wpforms-field wpforms-field-email\" data-field-id=\"5\"><label class=\"wpforms-field-label\" for=\"wpforms-600-field_5\">Courriel de Facturation <span class=\"wpforms-required-label\" aria-hidden=\"true\">*<\/span><\/label><input type=\"email\" id=\"wpforms-600-field_5\" class=\"wpforms-field-medium wpforms-field-required\" name=\"wpforms[fields][5]\" spellcheck=\"false\" aria-errormessage=\"wpforms-600-field_5-error\" required><\/div><div id=\"wpforms-600-field_6-container\" class=\"wpforms-field wpforms-field-text\" data-field-id=\"6\"><label class=\"wpforms-field-label\" for=\"wpforms-600-field_6\">T\u00e9l\u00e9phone <span class=\"wpforms-required-label\" aria-hidden=\"true\">*<\/span><\/label><input type=\"text\" id=\"wpforms-600-field_6\" class=\"wpforms-field-medium wpforms-field-required\" name=\"wpforms[fields][6]\" aria-errormessage=\"wpforms-600-field_6-error\" required><\/div><div id=\"wpforms-600-field_4-container\" class=\"wpforms-field wpforms-field-textarea\" data-field-id=\"4\"><label class=\"wpforms-field-label\" for=\"wpforms-600-field_4\">Adresse de Facturation <span class=\"wpforms-required-label\" aria-hidden=\"true\">*<\/span><\/label><textarea id=\"wpforms-600-field_4\" class=\"wpforms-field-medium wpforms-field-required\" name=\"wpforms[fields][4]\" aria-errormessage=\"wpforms-600-field_4-error\" required><\/textarea><\/div><div id=\"wpforms-600-field_7-container\" class=\"wpforms-field wpforms-field-radio\" data-field-id=\"7\"><fieldset><legend class=\"wpforms-field-label\">Dur\u00e9e du contrat<\/legend><ul id=\"wpforms-600-field_7\"><li class=\"choice-1 depth-1\"><input type=\"radio\" id=\"wpforms-600-field_7_1\" name=\"wpforms[fields][7]\" value=\"Contrat de 12 heures = 1380 + Txs\" aria-errormessage=\"wpforms-600-field_7_1-error\"  ><label class=\"wpforms-field-label-inline\" for=\"wpforms-600-field_7_1\">Contrat de 12 heures = 1380 + Txs<\/label><\/li><li class=\"choice-2 depth-1\"><input type=\"radio\" id=\"wpforms-600-field_7_2\" name=\"wpforms[fields][7]\" value=\"Contrat de 24 heures = 2520 + Txs\" aria-errormessage=\"wpforms-600-field_7_2-error\"  ><label class=\"wpforms-field-label-inline\" for=\"wpforms-600-field_7_2\">Contrat de 24 heures = 2520 + Txs<\/label><\/li><\/ul><\/fieldset><\/div><div id=\"wpforms-600-field_8-container\" class=\"wpforms-field wpforms-field-radio\" data-field-id=\"8\"><fieldset><legend class=\"wpforms-field-label\">Mode de paiement<\/legend><ul id=\"wpforms-600-field_8\"><li class=\"choice-1 depth-1 wpforms-selected\"><input type=\"radio\" id=\"wpforms-600-field_8_1\" name=\"wpforms[fields][8]\" value=\"Je vais payer par carte de cr\u00e9dit\" aria-errormessage=\"wpforms-600-field_8_1-error\"   checked='checked'><label class=\"wpforms-field-label-inline\" for=\"wpforms-600-field_8_1\">Je vais payer par carte de cr\u00e9dit<\/label><\/li><li class=\"choice-2 depth-1\"><input type=\"radio\" id=\"wpforms-600-field_8_2\" name=\"wpforms[fields][8]\" value=\"Je vais payer par tranfert bancaire\" aria-errormessage=\"wpforms-600-field_8_2-error\"  ><label class=\"wpforms-field-label-inline\" for=\"wpforms-600-field_8_2\">Je vais payer par tranfert bancaire<\/label><\/li><li class=\"choice-3 depth-1\"><input type=\"radio\" id=\"wpforms-600-field_8_3\" name=\"wpforms[fields][8]\" value=\"Je vais payer par ch\u00e8ques\" aria-errormessage=\"wpforms-600-field_8_3-error\"  ><label class=\"wpforms-field-label-inline\" for=\"wpforms-600-field_8_3\">Je vais payer par ch\u00e8ques<\/label><\/li><\/ul><\/fieldset><\/div><\/div><!-- .wpforms-field-container --><div class=\"wpforms-submit-container\" ><input type=\"hidden\" name=\"wpforms[id]\" value=\"600\"><input type=\"hidden\" name=\"page_title\" value=\"\"><input type=\"hidden\" name=\"page_url\" value=\"https:\/\/www.pointlog.ca\/index.php?rest_route=%2Fwp%2Fv2%2Fpages%2F416\"><button type=\"submit\" name=\"wpforms[submit]\" id=\"wpforms-submit-600\" class=\"wpforms-submit\" data-alt-text=\"Sending\u2026\" data-submit-text=\"Envoyer\" aria-live=\"assertive\" value=\"wpforms-submit\">Envoyer<\/button><img loading=\"lazy\" decoding=\"async\" src=\"https:\/\/www.pointlog.ca\/wp-content\/plugins\/wpforms-lite\/assets\/images\/submit-spin.svg\" class=\"wpforms-submit-spinner\" style=\"display: none;\" width=\"26\" height=\"26\" alt=\"Loading\"><\/div><\/form><\/div>  <!-- .wpforms-container --><br \/>\n<\/em><\/p>\n<hr \/>\n<\/div>\n<div class=\"ten columns\">\n<div class=\"ten columns\">\n<h5>Gamme de services<\/h5>\n<ul>\n<li>Installation, maintenance et supervision de r\u00e9seaux locaux ( LAN \/ WAN )<\/li>\n<li>Installation, maintenance et supervision de serveurs Linux et Windows.<\/li>\n<li>Solutions de travail \u00e0 distance (Windows, Linux, MacOS).<\/li>\n<li>Protection et s\u00e9curisation des donn\u00e9es en r\u00e9seaux.<\/li>\n<li>Installation de routeurs et installation de VPN.<\/li>\n<li>Suivi et maintenance de parc informatique.<\/li>\n<li>Travail d&rsquo;urgence et de maintenance en dehors des heures ouvrables.<\/li>\n<\/ul>\n<h5>Services d&rsquo;aide en gestion des ressources informatiques<\/h5>\n<ul>\n<li>Consultation et analyse des besoins de l&rsquo;entreprise.<\/li>\n<li>Strat\u00e9gies et int\u00e9gration des nouvelles technologies.<\/li>\n<li>Aide \u00e0 la migration de plateforme.<\/li>\n<li>Optimisation des ressources informatiques en milieu de travail.<\/li>\n<\/ul>\n<h5>Modalit\u00e9s des services avec contrats<\/h5>\n<ul>\n<li>R\u00e9ponses : Cas urgents, moins de 5h suivant l\u2019appel<br \/>\nEntentes particuli\u00e8res pour les cong\u00e9s et fins de semaines disponibles<\/li>\n<li>R\u00e9ponses : Cas r\u00e9gulier, 5 \u00e0 48h suivant l\u2019appel<\/li>\n<li>Suivi des dossiers : Nous documentons vos installations afin d&rsquo;assurer un suivi efficace<\/li>\n<li>Le contrat n\u2019est pas transf\u00e9rable<\/li>\n<li>Le contrat de service n\u2019est pas remboursable<\/li>\n<li>Les heures contract\u00e9es doivent \u00eatre \u00e9coul\u00e9es dans les 2 ans suivant l&rsquo;ouverture du contrat<\/li>\n<li>Le tarif horaire ne change pas pendant la dur\u00e9e du contrat, mais il peut \u00eatre major\u00e9 au moment renouvellement<\/li>\n<li>Le renouvellement est automatique, mais peut \u00eatre annul\u00e9 au prorata des heures consomm\u00e9es en dehors du contrat<\/li>\n<li>Le contrat de service est payable sur r\u00e9ception<\/li>\n<li>Le d\u00e9coupage de temps se fait par tranche de 15 min<\/li>\n<li>Le temps minimal d\u2019un appel sur la route est d\u2019une heure<\/li>\n<li>Le temps minimal d&rsquo;un appel en t\u00e9l\u00e9travail est de 15 min.<\/li>\n<li>Sur l\u2019\u00eele de Montr\u00e9al, les d\u00e9tenteurs d\u2019un contrat de service n\u2019ont pas de frais de d\u00e9placement<\/li>\n<li>\u00c0 l\u2019ext\u00e9rieur de Montr\u00e9al, la tarification pour le d\u00e9placement est n\u00e9goci\u00e9e \u00e0 l\u2019ouverture du premier contrat<\/li>\n<li>Acc\u00e8s prioritaire aux services <a href=\"https:\/\/www.opencanopea.com\">OpenCanopea<\/a><\/li>\n<li>Tarifs pr\u00e9f\u00e9rentiels sur certains services <a href=\"https:\/\/www.opencanopea.com\">OpenCanopea<\/a><\/li>\n<\/ul>\n<div class=\"panelPointLogLeft\"><\/div>\n<div class=\"row\">\n<div class=\"twelve columns\">\n<div class=\"panelPointLogCenter\"><\/div>\n<\/div>\n<\/div>\n<\/div>\n<\/div>\n","protected":false},"excerpt":{"rendered":"Tarification avec contrats de banque d&rsquo;heures Le contrat de services est la fa\u00e7on la plus simple de profiter de nos services. Vous avez \n<a class=\"moretag\" href=\"https:\/\/www.pointlog.ca\/?page_id=416\"> [...]<\/a>","protected":false},"author":1,"featured_media":0,"parent":0,"menu_order":0,"comment_status":"closed","ping_status":"closed","template":"","meta":{"footnotes":""},"class_list":["post-416","page","type-page","status-publish","hentry"],"_links":{"self":[{"href":"https:\/\/www.pointlog.ca\/index.php?rest_route=\/wp\/v2\/pages\/416","targetHints":{"allow":["GET"]}}],"collection":[{"href":"https:\/\/www.pointlog.ca\/index.php?rest_route=\/wp\/v2\/pages"}],"about":[{"href":"https:\/\/www.pointlog.ca\/index.php?rest_route=\/wp\/v2\/types\/page"}],"author":[{"embeddable":true,"href":"https:\/\/www.pointlog.ca\/index.php?rest_route=\/wp\/v2\/users\/1"}],"replies":[{"embeddable":true,"href":"https:\/\/www.pointlog.ca\/index.php?rest_route=%2Fwp%2Fv2%2Fcomments&post=416"}],"version-history":[{"count":14,"href":"https:\/\/www.pointlog.ca\/index.php?rest_route=\/wp\/v2\/pages\/416\/revisions"}],"predecessor-version":[{"id":612,"href":"https:\/\/www.pointlog.ca\/index.php?rest_route=\/wp\/v2\/pages\/416\/revisions\/612"}],"wp:attachment":[{"href":"https:\/\/www.pointlog.ca\/index.php?rest_route=%2Fwp%2Fv2%2Fmedia&parent=416"}],"curies":[{"name":"wp","href":"https:\/\/api.w.org\/{rel}","templated":true}]}}