{"id":524,"date":"2024-12-31T13:04:14","date_gmt":"2024-12-31T18:04:14","guid":{"rendered":"https:\/\/www.pointlog.ca\/?page_id=524"},"modified":"2025-01-01T13:27:14","modified_gmt":"2025-01-01T18:27:14","slug":"formulaire-de-contact","status":"publish","type":"page","link":"https:\/\/www.pointlog.ca\/?page_id=524","title":{"rendered":"Formulaire de Contact"},"content":{"rendered":"<p>Pour toutes questions sur nos produits et services, utilisez ce formulaire. <span style=\"color: #993366;\"><strong>S&rsquo;il s&rsquo;agit d&rsquo;une urgence, cochez la boite \u00ab\u00a0urgent\u00a0\u00bb et indiquez votre num\u00e9ro de t\u00e9l\u00e9phone.<\/strong><\/span> Nous recevrons une alerte et nous vous contacterons le plus t\u00f4t possible.<\/p>\n<p>If you have any questions about our products and services, please use this form. <span style=\"color: #993366;\"><strong>If it is an emergency, check the \u00ab\u00a0urgent\u00a0\u00bb box and enter your phone number.<\/strong><\/span> We will receive an alert and contact you as soon as possible.<\/p>\n<div class=\"wpforms-container wpforms-container-full wpforms-render-modern\" id=\"wpforms-514\"><form id=\"wpforms-form-514\" class=\"wpforms-validate wpforms-form wpforms-ajax-form\" data-formid=\"514\" method=\"post\" enctype=\"multipart\/form-data\" action=\"\/index.php?rest_route=%2Fwp%2Fv2%2Fpages%2F524\" data-token=\"9e25a81978f0db26cb85758b02144895\" data-token-time=\"1778067827\"><noscript class=\"wpforms-error-noscript\">Please enable JavaScript in your browser to complete this form.<\/noscript><div class=\"wpforms-hidden\" id=\"wpforms-error-noscript\">Please enable JavaScript in your browser to complete this form.<\/div><div class=\"wpforms-field-container\"><div id=\"wpforms-514-field_1-container\" class=\"wpforms-field wpforms-field-name\" data-field-id=\"1\"><fieldset><legend class=\"wpforms-field-label\">Nom \/ Name <span class=\"wpforms-required-label\" aria-hidden=\"true\">*<\/span><\/legend><div class=\"wpforms-field-row wpforms-field-medium\"><div class=\"wpforms-field-row-block wpforms-first wpforms-one-half\"><input type=\"text\" id=\"wpforms-514-field_1\" class=\"wpforms-field-name-first wpforms-field-required\" name=\"wpforms[fields][1][first]\" placeholder=\"Pr\u00e9nom \/ First Name\" aria-errormessage=\"wpforms-514-field_1-error\" required><label for=\"wpforms-514-field_1\" class=\"wpforms-field-sublabel after\">First<\/label><\/div><div class=\"wpforms-field-row-block wpforms-one-half\"><input type=\"text\" id=\"wpforms-514-field_1-last\" class=\"wpforms-field-name-last wpforms-field-required\" name=\"wpforms[fields][1][last]\" placeholder=\"Nom \/ Last Name\" aria-errormessage=\"wpforms-514-field_1-last-error\" required><label for=\"wpforms-514-field_1-last\" class=\"wpforms-field-sublabel after\">Last<\/label><\/div><\/div><\/fieldset><\/div><div id=\"wpforms-514-field_2-container\" class=\"wpforms-field wpforms-field-email\" data-field-id=\"2\"><label class=\"wpforms-field-label\" for=\"wpforms-514-field_2\">Courriel \/ Email <span class=\"wpforms-required-label\" aria-hidden=\"true\">*<\/span><\/label><input type=\"email\" id=\"wpforms-514-field_2\" class=\"wpforms-field-medium wpforms-field-required\" name=\"wpforms[fields][2]\" spellcheck=\"false\" aria-errormessage=\"wpforms-514-field_2-error\" required><\/div><div id=\"wpforms-514-field_3-container\" class=\"wpforms-field wpforms-field-textarea\" data-field-id=\"3\"><label class=\"wpforms-field-label\" for=\"wpforms-514-field_3\">Message<\/label><textarea id=\"wpforms-514-field_3\" class=\"wpforms-field-medium\" name=\"wpforms[fields][3]\" aria-errormessage=\"wpforms-514-field_3-error\" ><\/textarea><\/div><div id=\"wpforms-514-field_7-container\" class=\"wpforms-field wpforms-field-checkbox\" data-field-id=\"7\"><fieldset><legend class=\"wpforms-field-label\">Urgent<\/legend><ul id=\"wpforms-514-field_7\"><li class=\"choice-1 depth-1\"><input type=\"checkbox\" id=\"wpforms-514-field_7_1\" name=\"wpforms[fields][7][]\" value=\"Appelez-moi! \/  Call me!\" aria-errormessage=\"wpforms-514-field_7_1-error\"  ><label class=\"wpforms-field-label-inline\" for=\"wpforms-514-field_7_1\">Appelez-moi! \/  Call me!<\/label><\/li><\/ul><\/fieldset><\/div><div id=\"wpforms-514-field_8-container\" class=\"wpforms-field wpforms-field-text\" data-field-id=\"8\"><label class=\"wpforms-field-label\" for=\"wpforms-514-field_8\">Num\u00e9ro de t\u00e9l\u00e9phonne \/ Phone Number<\/label><input type=\"text\" id=\"wpforms-514-field_8\" class=\"wpforms-field-medium\" name=\"wpforms[fields][8]\" aria-errormessage=\"wpforms-514-field_8-error\" ><\/div><\/div><!-- .wpforms-field-container --><div class=\"wpforms-submit-container\" ><input type=\"hidden\" name=\"wpforms[id]\" value=\"514\"><input type=\"hidden\" name=\"page_title\" value=\"\"><input type=\"hidden\" name=\"page_url\" value=\"https:\/\/www.pointlog.ca\/index.php?rest_route=%2Fwp%2Fv2%2Fpages%2F524\"><button type=\"submit\" name=\"wpforms[submit]\" id=\"wpforms-submit-514\" class=\"wpforms-submit\" data-alt-text=\"Sending\u2026\" data-submit-text=\"Envoyer \/ Submit\" aria-live=\"assertive\" value=\"wpforms-submit\">Envoyer \/ Submit<\/button><img loading=\"lazy\" decoding=\"async\" src=\"https:\/\/www.pointlog.ca\/wp-content\/plugins\/wpforms-lite\/assets\/images\/submit-spin.svg\" class=\"wpforms-submit-spinner\" style=\"display: none;\" width=\"26\" height=\"26\" alt=\"Loading\"><\/div><\/form><\/div>  <!-- .wpforms-container -->\n<hr \/>\n<table>\n<tr>\n<td>\nOpenCanopea est situ\u00e9 \u00e0 Montr\u00e9al. Sans doute une des plus belle ville du Canada. Elle abrite de nombreuses entreprises de haute technologie telles que Ubisoft, EA Games, Google Chrome Security, OVH, et plusieurs autres.<\/p>\n<p>\nOpenCanopea is located in Montreal. Arguably the most beautiful and multicultural city in Canada. It&rsquo;s the home of many hi-tech companies such as Ubisoft, EA Games, Google Chrome Security, OVH, and many more.<\/p>\n<\/td>\n<\/tr>\n<\/table>\n<table>\n<tr>\n<td>\n     Nos bureaux :<\/p>\n<pre>\r\n 1864a Rue Patricia,\r\n Ville Saint-Laurent,\r\n Qu\u00e9bec, Canada, H4L 2X7\r\n T\u00e9l\u00e9phone:\r\n (514) 817-4792 \r\n     <\/pre>\n<\/td>\n<td>\n         Adresse en en.\n      <\/td>\n<\/tr>\n<\/table>\n<p>&nbsp;<\/p>\n","protected":false},"excerpt":{"rendered":"Pour toutes questions sur nos produits et services, utilisez ce formulaire. S&rsquo;il s&rsquo;agit d&rsquo;une urgence, cochez la boite \u00ab\u00a0urgent\u00a0\u00bb et indiquez votre num\u00e9ro \n<a class=\"moretag\" href=\"https:\/\/www.pointlog.ca\/?page_id=524\"> [...]<\/a>","protected":false},"author":1,"featured_media":0,"parent":0,"menu_order":0,"comment_status":"closed","ping_status":"closed","template":"","meta":{"footnotes":""},"class_list":["post-524","page","type-page","status-publish","hentry"],"_links":{"self":[{"href":"https:\/\/www.pointlog.ca\/index.php?rest_route=\/wp\/v2\/pages\/524","targetHints":{"allow":["GET"]}}],"collection":[{"href":"https:\/\/www.pointlog.ca\/index.php?rest_route=\/wp\/v2\/pages"}],"about":[{"href":"https:\/\/www.pointlog.ca\/index.php?rest_route=\/wp\/v2\/types\/page"}],"author":[{"embeddable":true,"href":"https:\/\/www.pointlog.ca\/index.php?rest_route=\/wp\/v2\/users\/1"}],"replies":[{"embeddable":true,"href":"https:\/\/www.pointlog.ca\/index.php?rest_route=%2Fwp%2Fv2%2Fcomments&post=524"}],"version-history":[{"count":16,"href":"https:\/\/www.pointlog.ca\/index.php?rest_route=\/wp\/v2\/pages\/524\/revisions"}],"predecessor-version":[{"id":642,"href":"https:\/\/www.pointlog.ca\/index.php?rest_route=\/wp\/v2\/pages\/524\/revisions\/642"}],"wp:attachment":[{"href":"https:\/\/www.pointlog.ca\/index.php?rest_route=%2Fwp%2Fv2%2Fmedia&parent=524"}],"curies":[{"name":"wp","href":"https:\/\/api.w.org\/{rel}","templated":true}]}}