{"id":616,"date":"2025-01-01T11:35:36","date_gmt":"2025-01-01T16:35:36","guid":{"rendered":"https:\/\/www.pointlog.ca\/?page_id=616"},"modified":"2025-05-18T22:56:43","modified_gmt":"2025-05-19T03:56:43","slug":"vpn-wireguard","status":"publish","type":"page","link":"https:\/\/www.pointlog.ca\/?page_id=616","title":{"rendered":"VPN WireGuard"},"content":{"rendered":"<h1>Inscrivez-vous aux VPN WireGuard<\/h1>\n<p><strong>Les VPN les plus rapides.<\/strong><br \/>\nWireGuard est r\u00e9put\u00e9 \u00eatre le plus rapide des VPN modernes.<br \/>\nLa s\u00e9curit\u00e9 est assur\u00e9e par des cl\u00e9s RSA partag\u00e9es.<br \/>\nUn seul serveur peut supporter jusqu&rsquo;\u00e0 25 connexions simultan\u00e9es sans d\u00e9montrer de ralentissements.<br \/>\nNos instances sont mont\u00e9es sur des serveurs GNU\/Linux\/Debian.<br \/>\nVotre serveur poss\u00e8de sa propre adresse IP et une bande passante r\u00e9serv\u00e9e allant jusqu&rsquo;\u00e0 550 Mbps.<br \/>\n<strong>[19.50 $ CAD par mois]<\/strong><\/p>\n<hr \/>\n<p><span style=\"font-size: 21px;\">Formulaire d&rsquo;inscription :<\/span><\/p>\n<div class=\"wpforms-container wpforms-container-full wpforms-render-modern\" id=\"wpforms-621\"><form id=\"wpforms-form-621\" class=\"wpforms-validate wpforms-form wpforms-ajax-form\" data-formid=\"621\" method=\"post\" enctype=\"multipart\/form-data\" action=\"\/index.php?rest_route=%2Fwp%2Fv2%2Fpages%2F616\" data-token=\"a0764c51171c36009681a359a2cefaa1\" data-token-time=\"1775357449\"><noscript class=\"wpforms-error-noscript\">Please enable JavaScript in your browser to complete this form.<\/noscript><div class=\"wpforms-hidden\" id=\"wpforms-error-noscript\">Please enable JavaScript in your browser to complete this form.<\/div><div class=\"wpforms-field-container\"><div id=\"wpforms-621-field_1-container\" class=\"wpforms-field wpforms-field-text\" data-field-id=\"1\"><label class=\"wpforms-field-label\" for=\"wpforms-621-field_1\">Pr\u00e9nom et Nom <span class=\"wpforms-required-label\" aria-hidden=\"true\">*<\/span><\/label><input type=\"text\" id=\"wpforms-621-field_1\" class=\"wpforms-field-medium wpforms-field-required\" name=\"wpforms[fields][1]\" aria-errormessage=\"wpforms-621-field_1-error\" required><\/div><div id=\"wpforms-621-field_3-container\" class=\"wpforms-field wpforms-field-text\" data-field-id=\"3\"><label class=\"wpforms-field-label\" for=\"wpforms-621-field_3\">Nom d&#039;entreprise<\/label><input type=\"text\" id=\"wpforms-621-field_3\" class=\"wpforms-field-medium\" name=\"wpforms[fields][3]\" aria-errormessage=\"wpforms-621-field_3-error\" ><\/div><div id=\"wpforms-621-field_5-container\" class=\"wpforms-field wpforms-field-email\" data-field-id=\"5\"><label class=\"wpforms-field-label\" for=\"wpforms-621-field_5\">Courriel de Facturation <span class=\"wpforms-required-label\" aria-hidden=\"true\">*<\/span><\/label><input type=\"email\" id=\"wpforms-621-field_5\" class=\"wpforms-field-medium wpforms-field-required\" name=\"wpforms[fields][5]\" spellcheck=\"false\" aria-errormessage=\"wpforms-621-field_5-error\" required><\/div><div id=\"wpforms-621-field_6-container\" class=\"wpforms-field wpforms-field-text\" data-field-id=\"6\"><label class=\"wpforms-field-label\" for=\"wpforms-621-field_6\">T\u00e9l\u00e9phone <span class=\"wpforms-required-label\" aria-hidden=\"true\">*<\/span><\/label><input type=\"text\" id=\"wpforms-621-field_6\" class=\"wpforms-field-medium wpforms-field-required\" name=\"wpforms[fields][6]\" aria-errormessage=\"wpforms-621-field_6-error\" required><\/div><div id=\"wpforms-621-field_4-container\" class=\"wpforms-field wpforms-field-textarea\" data-field-id=\"4\"><label class=\"wpforms-field-label\" for=\"wpforms-621-field_4\">Adresse de Facturation <span class=\"wpforms-required-label\" aria-hidden=\"true\">*<\/span><\/label><textarea id=\"wpforms-621-field_4\" class=\"wpforms-field-medium wpforms-field-required\" name=\"wpforms[fields][4]\" aria-errormessage=\"wpforms-621-field_4-error\" required><\/textarea><\/div><div id=\"wpforms-621-field_2-container\" class=\"wpforms-field wpforms-field-checkbox\" data-field-id=\"2\"><fieldset><legend class=\"wpforms-field-label\">Produits <span class=\"wpforms-required-label\" aria-hidden=\"true\">*<\/span><\/legend><ul id=\"wpforms-621-field_2\" class=\"wpforms-field-required\"><li class=\"choice-1 depth-1\"><input type=\"checkbox\" id=\"wpforms-621-field_2_1\" name=\"wpforms[fields][2][]\" value=\"Serveur VPN WireGuard - 19.50$ \/ mois\" aria-errormessage=\"wpforms-621-field_2_1-error\" required ><label class=\"wpforms-field-label-inline\" for=\"wpforms-621-field_2_1\">Serveur VPN WireGuard - 19.50$ \/ mois<\/label><\/li><\/ul><\/fieldset><\/div><div id=\"wpforms-621-field_7-container\" class=\"wpforms-field wpforms-field-select wpforms-field-select-style-classic\" data-field-id=\"7\"><label class=\"wpforms-field-label\" for=\"wpforms-621-field_7\">Nombre de connexion pr\u00e9vues<\/label><select id=\"wpforms-621-field_7\" class=\"wpforms-field-medium\" name=\"wpforms[fields][7]\"><option value=\"3 connexions simultan\u00e9es.\" >3 connexions simultan\u00e9es.<\/option><option value=\"5 connexions simultan\u00e9es.\" >5 connexions simultan\u00e9es.<\/option><option value=\"10 connexions simultan\u00e9es.\" >10 connexions simultan\u00e9es.<\/option><option value=\"Plus que 3 connexions simultan\u00e9es.\" >Plus que 3 connexions simultan\u00e9es.<\/option><\/select><\/div><\/div><!-- .wpforms-field-container --><div class=\"wpforms-submit-container\" ><input type=\"hidden\" name=\"wpforms[id]\" value=\"621\"><input type=\"hidden\" name=\"page_title\" value=\"\"><input type=\"hidden\" name=\"page_url\" value=\"https:\/\/www.pointlog.ca\/index.php?rest_route=%2Fwp%2Fv2%2Fpages%2F616\"><button type=\"submit\" name=\"wpforms[submit]\" id=\"wpforms-submit-621\" class=\"wpforms-submit\" data-alt-text=\"Sending\u2026\" data-submit-text=\"Envoyer\" aria-live=\"assertive\" value=\"wpforms-submit\">Envoyer<\/button><img loading=\"lazy\" decoding=\"async\" src=\"https:\/\/www.pointlog.ca\/wp-content\/plugins\/wpforms-lite\/assets\/images\/submit-spin.svg\" class=\"wpforms-submit-spinner\" style=\"display: none;\" width=\"26\" height=\"26\" alt=\"Loading\"><\/div><\/form><\/div>  <!-- .wpforms-container -->\n","protected":false},"excerpt":{"rendered":"Inscrivez-vous aux VPN WireGuard Les VPN les plus rapides. WireGuard est r\u00e9put\u00e9 \u00eatre le plus rapide des VPN modernes. La s\u00e9curit\u00e9 est assur\u00e9e \n<a class=\"moretag\" href=\"https:\/\/www.pointlog.ca\/?page_id=616\"> [...]<\/a>","protected":false},"author":1,"featured_media":0,"parent":0,"menu_order":0,"comment_status":"closed","ping_status":"closed","template":"","meta":{"footnotes":""},"class_list":["post-616","page","type-page","status-publish","hentry"],"_links":{"self":[{"href":"https:\/\/www.pointlog.ca\/index.php?rest_route=\/wp\/v2\/pages\/616","targetHints":{"allow":["GET"]}}],"collection":[{"href":"https:\/\/www.pointlog.ca\/index.php?rest_route=\/wp\/v2\/pages"}],"about":[{"href":"https:\/\/www.pointlog.ca\/index.php?rest_route=\/wp\/v2\/types\/page"}],"author":[{"embeddable":true,"href":"https:\/\/www.pointlog.ca\/index.php?rest_route=\/wp\/v2\/users\/1"}],"replies":[{"embeddable":true,"href":"https:\/\/www.pointlog.ca\/index.php?rest_route=%2Fwp%2Fv2%2Fcomments&post=616"}],"version-history":[{"count":3,"href":"https:\/\/www.pointlog.ca\/index.php?rest_route=\/wp\/v2\/pages\/616\/revisions"}],"predecessor-version":[{"id":626,"href":"https:\/\/www.pointlog.ca\/index.php?rest_route=\/wp\/v2\/pages\/616\/revisions\/626"}],"wp:attachment":[{"href":"https:\/\/www.pointlog.ca\/index.php?rest_route=%2Fwp%2Fv2%2Fmedia&parent=616"}],"curies":[{"name":"wp","href":"https:\/\/api.w.org\/{rel}","templated":true}]}}