{"id":701,"date":"2025-06-01T19:16:00","date_gmt":"2025-06-02T00:16:00","guid":{"rendered":"https:\/\/www.pointlog.ca\/?page_id=701"},"modified":"2025-06-17T11:26:27","modified_gmt":"2025-06-17T16:26:27","slug":"la-fin-de-windows-10","status":"publish","type":"page","link":"https:\/\/www.pointlog.ca\/?page_id=701","title":{"rendered":"La Fin de Windows 10"},"content":{"rendered":"<p><img loading=\"lazy\" decoding=\"async\" class=\"size-medium wp-image-717 alignright\" src=\"https:\/\/www.pointlog.ca\/wp-content\/uploads\/2025\/06\/2025-06-17_11-10-300x218.png\" alt=\"\" width=\"300\" height=\"218\" srcset=\"https:\/\/www.pointlog.ca\/wp-content\/uploads\/2025\/06\/2025-06-17_11-10-300x218.png 300w, https:\/\/www.pointlog.ca\/wp-content\/uploads\/2025\/06\/2025-06-17_11-10-768x559.png 768w, https:\/\/www.pointlog.ca\/wp-content\/uploads\/2025\/06\/2025-06-17_11-10.png 987w\" sizes=\"auto, (max-width: 300px) 100vw, 300px\" \/>Le <span style=\"font-size: 24px; color: #000080;\"><strong>14 octobre 2025<\/strong> <\/span>sera la <strong><span style=\"font-size: 18px;\">fin du support de Microsoft pour Windows 10<\/span><\/strong>.<br \/>\nLes exigences techniques et de s\u00e9curit\u00e9 requises pour Windows 11 vont laisser <strong><span style=\"font-size: 18px;\">240 000 000 de PC \u00e0 l&rsquo;abandon<\/span><\/strong>.<br \/>\nPour \u00e9viter une aberration \u00e9cologique, il est primordial de r\u00e9agir.<\/p>\n<p><span style=\"font-size: 20px;\"><strong>Voici les gestes que nous posons\u00a0:<\/strong><\/span><\/p>\n<p><strong><span style=\"font-size: 21px;\">\u2234 1 \u2234<br \/>\n<\/span><\/strong>En collaboration avec le groupe de <a href=\"https:\/\/www.rencontres-linux.quebec\"><span style=\"font-size: 18px;\"><strong>Rencontres Linux Qu\u00e9bec<\/strong><\/span><\/a>, nous organisons une formation de groupe intitul\u00e9e <span style=\"font-size: 18px;\"><strong>\u00ab\u00a0Atelier num\u00e9rique Linux 2025\u00a0\u00bb<\/strong><\/span>.<br \/>\nL&rsquo;\u00e9v\u00e8nement aura lieu le 20 septembre 2025 \u00e0 L&rsquo;\u00c9TS, rue Notre-Dame, \u00e0 Montr\u00e9al. Nous allons Installer ensemble Linux sur plusieurs dizaines de PC.<br \/>\nNous allons aussi <span style=\"font-size: 18px;\"><strong>former les participants<\/strong><\/span> pour qu&rsquo;ils puissent le faire pour eux, pour leur entourage ou leurs employeurs.<br \/>\n<span style=\"color: #000080; font-size: 24px;\"><strong>T\u00e9l\u00e9chargez l&rsquo;affiche officielle <a href=\"https:\/\/www.pointlog.ca\/wp-content\/uploads\/2025\/06\/linux2025-2-1.pdf\">ICI<\/a>.<\/strong><\/span><\/p>\n<p><strong><span style=\"font-size: 21px;\">\u2234 2 \u2234<\/span><br \/>\n<\/strong>Nous pr\u00e9parons des <span style=\"font-size: 18px;\"><strong>vid\u00e9os de formation en fran\u00e7ais<\/strong><\/span> pour aider les gens \u00e0 <span style=\"font-size: 18px;\"><strong>installer Linux<\/strong><\/span> plut\u00f4t que se d\u00e9faire de leurs ordinateurs.<br \/>\nElles sont courtes et simples \u00e0 suivre.\u00a0 Elles sont en pr\u00e9paration et seront disponibles d\u00e8s le 1er Juillet.<br \/>\n(Pour un aper\u00e7u, visitez notre cha\u00eene YouTube :: <a href=\"https:\/\/www.youtube.com\/@LouisJrCayer\"><strong>www.youtube.com\/@LouisJrCayer<\/strong><\/a><strong>)<\/strong><\/p>\n<p><strong><span style=\"font-size: 21px;\">\u2234 3 \u2234<\/span><br \/>\n<\/strong>Dans les entreprises, chez nos clients et ailleurs, nous prenons le temps d&rsquo;<span style=\"font-size: 18px;\"><strong>expliquer aux dirigeants les enjeux li\u00e9s aux abus monopolistiques de Microsoft<\/strong><\/span>.<br \/>\nOutre le gaspillage que va provoquer le passage forc\u00e9 \u00e0 Windows 11, des enjeux de s\u00e9curit\u00e9 et d&rsquo;espionnage commercial sont \u00e0 craindre.<\/p>\n<p>&nbsp;<\/p>\n<p>&nbsp;<\/p>\n<p>&nbsp;<\/p>\n<p>&nbsp;<\/p>\n<p>&nbsp;<\/p>\n<p>&nbsp;<\/p>\n<p>&nbsp;<\/p>\n<p>&nbsp;<\/p>\n","protected":false},"excerpt":{"rendered":"Le 14 octobre 2025 sera la fin du support de Microsoft pour Windows 10. Les exigences techniques et de s\u00e9curit\u00e9 requises pour Windows \n<a class=\"moretag\" href=\"https:\/\/www.pointlog.ca\/?page_id=701\"> [...]<\/a>","protected":false},"author":1,"featured_media":0,"parent":0,"menu_order":0,"comment_status":"closed","ping_status":"closed","template":"","meta":{"footnotes":""},"class_list":["post-701","page","type-page","status-publish","hentry"],"_links":{"self":[{"href":"https:\/\/www.pointlog.ca\/index.php?rest_route=\/wp\/v2\/pages\/701","targetHints":{"allow":["GET"]}}],"collection":[{"href":"https:\/\/www.pointlog.ca\/index.php?rest_route=\/wp\/v2\/pages"}],"about":[{"href":"https:\/\/www.pointlog.ca\/index.php?rest_route=\/wp\/v2\/types\/page"}],"author":[{"embeddable":true,"href":"https:\/\/www.pointlog.ca\/index.php?rest_route=\/wp\/v2\/users\/1"}],"replies":[{"embeddable":true,"href":"https:\/\/www.pointlog.ca\/index.php?rest_route=%2Fwp%2Fv2%2Fcomments&post=701"}],"version-history":[{"count":11,"href":"https:\/\/www.pointlog.ca\/index.php?rest_route=\/wp\/v2\/pages\/701\/revisions"}],"predecessor-version":[{"id":714,"href":"https:\/\/www.pointlog.ca\/index.php?rest_route=\/wp\/v2\/pages\/701\/revisions\/714"}],"wp:attachment":[{"href":"https:\/\/www.pointlog.ca\/index.php?rest_route=%2Fwp%2Fv2%2Fmedia&parent=701"}],"curies":[{"name":"wp","href":"https:\/\/api.w.org\/{rel}","templated":true}]}}